{"id":8823,"date":"2026-02-01T14:01:27","date_gmt":"2026-02-01T13:01:27","guid":{"rendered":"https:\/\/serenovables.com\/avis-legal\/"},"modified":"2026-02-23T16:38:51","modified_gmt":"2026-02-23T15:38:51","slug":"avis-legal","status":"publish","type":"page","link":"https:\/\/serenovables.com\/ca\/avis-legal\/","title":{"rendered":"Av\u00eds legal"},"content":{"rendered":"\t\t<div data-elementor-type=\"wp-page\" data-elementor-id=\"8823\" class=\"elementor elementor-8823 elementor-8288\" data-elementor-post-type=\"page\">\n\t\t\t\t<div class=\"elementor-element elementor-element-7c425fa e-flex e-con-boxed e-con e-parent\" data-id=\"7c425fa\" data-element_type=\"container\">\n\t\t\t\t\t<div class=\"e-con-inner\">\n\t\t\t\t<div class=\"elementor-element elementor-element-1b706f4 elementor-widget elementor-widget-heading\" data-id=\"1b706f4\" data-element_type=\"widget\" data-widget_type=\"heading.default\">\n\t\t\t\t\t<h2 class=\"elementor-heading-title elementor-size-default\">Av\u00eds legal<\/h2>\t\t\t\t<\/div>\n\t\t\t\t<div class=\"elementor-element elementor-element-b067be6 elementor-widget elementor-widget-text-editor\" data-id=\"b067be6\" data-element_type=\"widget\" data-widget_type=\"text-editor.default\">\n\t\t\t\t\t\t\t\t\t<p>Puc garantir-vos que us trobeu en un espai 100 % segur; per aix\u00f2, en compliment del deure d\u2019informaci\u00f3 recollit a l\u2019article 10 de la Llei 34\/2002, d\u201911 de juliol, de serveis de la societat de la informaci\u00f3 i de comer\u00e7 electr\u00f2nic, a continuaci\u00f3 es fa constar:<\/p><p><b>1.1. Dades identificatives del responsable<\/b><\/p><p>Tal com recull la Llei 34\/2002, d\u201911 de juliol, de serveis de la societat de la informaci\u00f3 i de comer\u00e7 electr\u00f2nic, us informo que:<\/p><p>La meva denominaci\u00f3 social \u00e9s: EFICIENCIA Y SERVICIOS RENOVABLES SL<br>El meu CIF \u00e9s B67623587<br>El meu domicili social es troba a C\/Provenza 60 4\u00ba1\u00ba 08029 Barcelona.<br>Email: contacto@serenovables.com<br>La meva activitat social \u00e9s: instal\u00b7laci\u00f3 de punts de c\u00e0rrega, plaques fotovoltaiques i an\u00e0lisi de l\u2019efici\u00e8ncia energ\u00e8tica<\/p><p><b>1.2. Finalitat del lloc web.<\/b><\/p><p>Els serveis prestats pel responsable del lloc web s\u00f3n els seg\u00fcents:<\/p><p>instal\u00b7laci\u00f3 i assessorament en punts de rec\u00e0rrega<br>instal\u00b7laci\u00f3 de plaques fotovoltaiques<br>An\u00e0lisi i consultoria d\u2019efici\u00e8ncia energ\u00e8tica<\/p><p><b>1.3. Usuaris:<\/b><\/p><p>L\u2019acc\u00e9s i\/o \u00fas d\u2019aquest lloc web atribueix la condici\u00f3 d\u2019USUARI, que accepta, des d\u2019aquest acc\u00e9s i\/o \u00fas, els presents termes d\u2019\u00fas; no obstant aix\u00f2, el mer \u00fas del lloc web no implica l\u2019inici de cap relaci\u00f3 laboral\/comercial.<\/p><p><b>1.4. \u00das del lloc web i captaci\u00f3 d\u2019informaci\u00f3:<\/b><\/p><p>1.4.1 \u00daS DEL LLOC WEB<\/p><p>El lloc web https:\/\/serenovables.com, d\u2019ara endavant (LA WEB), proporciona l\u2019acc\u00e9s a articles, informacions, serveis i dades (d\u2019ara endavant, \u201cels continguts\u201d) propietat d\u2019EFICIENCIA Y SERVICIOS RENOVABLES SL<b>.<\/b> L\u2019USUARI assumeix la responsabilitat de l\u2019\u00fas de la web.<\/p><p>L\u2019USUARI es compromet a fer un \u00fas adequat dels continguts que ofereix a trav\u00e9s del seu web i, amb car\u00e0cter enunciatiu per\u00f2 no limitatiu, a no emprar-los per a:<\/p><p>(a) inc\u00f3rrer en activitats il\u00b7l\u00edcites, il\u00b7legals o contr\u00e0ries a la bona fe i a l\u2019ordre p\u00fablic;<br>(b) difondre continguts o propaganda de car\u00e0cter racista, xen\u00f2fob, pornogr\u00e0fic-il\u00b7legal, d\u2019apologia del terrorisme o que atempti contra els drets humans;<br>(c) provocar danys en els sistemes f\u00edsics i l\u00f2gics de <a href=\"https:\/\/serenevobles.com\/\" target=\"_blank\" rel=\"nofollow noopener\">https:\/\/serenevobles.com\/<\/a>, dels seus prove\u00efdors o de terceres persones, introduir o difondre a la xarxa virus inform\u00e0tics o qualsevol altre sistema f\u00edsic o l\u00f2gic que sigui susceptible de provocar els danys esmentats anteriorment;<br>(d) intentar accedir i, si escau, utilitzar els comptes de correu electr\u00f2nic d\u2019altres usuaris i modificar o manipular els seus missatges.<\/p><p><b>EFICIENCIA Y SERVICIOS RENOVABLES SL.<\/b>  es reserva el dret de retirar tots aquells comentaris i aportacions que vulnerin el respecte a la dignitat de la persona, que siguin discriminatoris, xen\u00f2fobs, racistes, pornogr\u00e0fics, que atemptin contra la joventut o la inf\u00e0ncia, l\u2019ordre o la seguretat p\u00fablica o que, al seu parer, no resultin adequats per a la seva publicaci\u00f3.<\/p><p>En qualsevol cas, EFICIENCIA Y SERVICIOS RENOVABLES SL<b>.<\/b> no ser\u00e0 responsable de les opinions abocades pels usuaris a trav\u00e9s del blog o d\u2019altres eines de participaci\u00f3 que es puguin crear, d\u2019acord amb el que preveu la normativa aplicable.<\/p><p><b>1.4.2 Captaci\u00f3 d\u2019informaci\u00f3<\/b><\/p><ul><li>\u2013 Formulari de contacte, on l\u2019USUARI haur\u00e0 d\u2019emplenar el camp de correu electr\u00f2nic, assumpte i nom.<\/li><li>\u2013 Formulari de subscripci\u00f3, en qu\u00e8 l\u2019USUARI emplenar\u00e0 els camps necessaris per a l\u2019adquisici\u00f3 del curs amb els camps de nom, cognoms, adre\u00e7a, ciutat, pa\u00eds, estat, codi postal, email i contrasenya.<\/li><li>\u2013 Cookies de rastreig, d\u2019acord amb les regles seg\u00fcents.<\/li><li>\u2013 Navegaci\u00f3 i adre\u00e7a IP: En navegar per aquest web, l\u2019usuari facilita de manera autom\u00e0tica al servidor del web informaci\u00f3 relativa a la vostra adre\u00e7a IP, data i hora d\u2019acc\u00e9s, l\u2019hipervincle que l\u2019ha reenviat a aquestes, el vostre sistema operatiu i el navegador utilitzat.<\/li><\/ul><p>Malgrat l\u2019anterior, els usuaris podran donar-se de baixa en qualsevol moment dels serveis prestats per EFICIENCIA Y SERVICIOS RENOVABLES SL<b>.<\/b> o de les dades aportades per l\u2019USUARI, en compliment de la normativa vigent sobre protecci\u00f3 de dades. Aix\u00ed mateix, tant en subscriure\u2019s a aquest lloc web com en fer algun comentari en qualsevol de les seves p\u00e0gines i\/o entrades, l\u2019usuari consent: <\/p><p>El tractament de les seves dades personals en l\u2019entorn de WordPress d\u2019acord amb les seves pol\u00edtiques de privacitat.<\/p><p>L\u2019acc\u00e9s d\u2019EFICIENCIA Y SERVICIOS RENOVABLES SL<b>.<\/b> a les dades que, d\u2019acord amb la infraestructura de WordPress, l\u2019usuari necessiti aportar, ja sigui per a la subscripci\u00f3 al curs o per a qualsevol consulta mitjan\u00e7ant el formulari de contacte.<\/p><p>Aix\u00ed mateix, informem que la informaci\u00f3 dels nostres usuaris est\u00e0 protegida d\u2019acord amb la nostra pol\u00edtica de privacitat.<\/p><p>En activar una subscripci\u00f3, formulari de contacte o comentari, l\u2019usuari ent\u00e9n i accepta que:<\/p><p>Des del moment en qu\u00e8 efectua la seva subscripci\u00f3 o accedeix a algun servei de pagament, EFICIENCIA Y SERVICIOS RENOVABLES SL<b>.<\/b> t\u00e9 acc\u00e9s<\/p><p>a: nom i email, o altres dades necess\u00e0ries per a la facturaci\u00f3, conformant un fitxer degudament inscrit al Registre General de l\u2019Ag\u00e8ncia Espanyola de Protecci\u00f3 de Dades amb el nom de \u201cUSUARIOS DE LA WEB Y SUSCRIPTORES\u201d o, en el cas de fer alguna compra, ser\u00e0 inscrit al fitxer de \u201cCLIENTES Y\/O PROVEEDORES\u201d, tenint acc\u00e9s a dades de nom, cognoms, email, DNI i domicili complet.<\/p><p>En tot cas, EFICIENCIA Y SERVICIOS RENOVABLES SL<b>.<\/b> es reserva el dret de modificar, en qualsevol moment i sense necessitat d\u2019av\u00eds previ, la presentaci\u00f3 i configuraci\u00f3 de la web <a href=\"https:\/\/serenevobles.com\/\" target=\"_blank\" rel=\"nofollow noopener\">https:\/\/serenevobles.com\/<\/a> aix\u00ed com el present av\u00eds legal.<\/p><ol start=\"2\"><li><b>PROPIETAT INTEL\u00b7LECTUAL I INDUSTRIAL:<\/b><\/li><\/ol><p><b>EFICIENCIA Y SERVICIOS RENOVABLES SL.<\/b> per si mateixa o com a cession\u00e0ria, \u00e9s titular de tots els drets de propietat intel\u00b7lectual i industrial del seu lloc web, aix\u00ed com dels elements continguts en aquest (a t\u00edtol enunciatiu, imatges, so, \u00e0udio, v\u00eddeo, programari o textos; marques o logotips, combinacions de colors, estructura i disseny, selecci\u00f3 de materials utilitzats, programes d\u2019ordinador necessaris per al seu funcionament, acc\u00e9s i \u00fas, etc.), titularitat d\u2019EFICIENCIA Y SERVICIOS RENOVABLES SL<b>.<\/b> o b\u00e9 dels seus llicenciants. Tots els drets reservats. <\/p><p>Qualsevol \u00fas no autoritzat pr\u00e8viament per EFICIENCIA Y SERVICIOS RENOVABLES SL<b>.<\/b> ser\u00e0 considerat un incompliment greu dels drets de propietat intel\u00b7lectual o industrial de l\u2019autor.<\/p><p>Queden expressament prohibides la reproducci\u00f3, la distribuci\u00f3 i la comunicaci\u00f3 p\u00fablica, inclosa la seva modalitat de posada a disposici\u00f3, de la totalitat o part dels continguts d\u2019aquest lloc web, amb finalitats comercials, en qualsevol suport i per qualsevol mitj\u00e0 t\u00e8cnic, sense l\u2019autoritzaci\u00f3 de <b>EFICIENCIA Y SERVICIOS RENOVABLES SL.<\/b>.<\/p><ol start=\"3\"><li><b>EXCLUSI\u00d3 DE GARANTIES I RESPONSABILITAT<\/b><\/li><\/ol><p><b>EFICIENCIA Y SERVICIOS RENOVABLES S.L.<\/b> no es fa responsable, en cap cas, dels danys i perjudicis de qualsevol naturalesa que es poguessin ocasionar, a t\u00edtol enunciatiu: per errors o omissions en els continguts, per manca de disponibilitat del lloc web \u2013 el qual realitzar\u00e0 aturades peri\u00f2diques per manteniments t\u00e8cnics \u2013 aix\u00ed com per la transmissi\u00f3 de virus o programes maliciosos o lesius en els continguts, malgrat haver adoptat totes les mesures tecnol\u00f2giques necess\u00e0ries per evitar-ho.<\/p><ol start=\"4\"><li><b>MODIFICACIONS<\/b><\/li><\/ol><p><b>EFICIENCIA Y SERVICIOS RENOVABLES S.L.<\/b> es reserva el dret d\u2019efectuar sense av\u00eds previ les modificacions que consideri oportunes al seu web, podent canviar, suprimir o afegir tant els continguts i serveis que s\u2019hi prestin com la manera com aquests apareguin presentats o localitzats al seu web.<\/p><ol start=\"5\"><li><b>DRET D\u2019EXCLUSI\u00d3<\/b><\/li><\/ol><p><b>EFICIENCIA Y SERVICIOS RENOVABLES S.L.<\/b> es reserva el dret a denegar o retirar l\u2019acc\u00e9s al portal i\/o als serveis oferts sense necessitat d\u2019av\u00eds previ, a inst\u00e0ncia pr\u00f2pia o d\u2019un tercer, a aquells usuaris que incompleixin les presents Condicions Generals d\u2019\u00das.<\/p><ol start=\"6\"><li><b>GENERALITATS<\/b><\/li><\/ol><p><b>EFICIENCIA Y SERVICIOS RENOVABLES S.L.<\/b> perseguir\u00e0 l\u2019incompliment de les presents condicions aix\u00ed com qualsevol utilitzaci\u00f3 indeguda del seu web exercint totes les accions civils i penals que li puguin correspondre en dret.<\/p><ol start=\"7\"><li><b>RECLAMACIONS I DUBTES<\/b><\/li><\/ol><p><b>EFICIENCIA Y SERVICIOS RENOVABLES S.L.<\/b> informa que hi ha fulls de reclamaci\u00f3 a disposici\u00f3 d\u2019usuaris i clients, i que podeu enviar un correu a contacto@serenovables indicant el vostre nom i cognoms, el servei o producte adquirit i exposant els motius de la vostra reclamaci\u00f3.<br>Tamb\u00e9 podeu adre\u00e7ar la vostra reclamaci\u00f3 per correu postal a: <b>EFICIENCIA Y SERVICIOS RENOVABLES SL.<\/b><\/p><ol start=\"8\"><li><b>LEGISLACI\u00d3 APLICABLE I JURISDICCI\u00d3<\/b><\/li><\/ol><p>La relaci\u00f3 entre <b>EFICIENCIA Y SERVICIOS RENOVABLES SL.<\/b> i l\u2019USUARI es regir\u00e0 per la normativa espanyola vigent i qualsevol controv\u00e8rsia se sotmetr\u00e0 als jutjats i tribunals de la ciutat de Barcelona, llevat que la llei aplicable disposi una altra cosa.<\/p>\t\t\t\t\t\t\t\t<\/div>\n\t\t\t\t\t<\/div>\n\t\t\t\t<\/div>\n\t\t\t\t<\/div>\n\t\t","protected":false},"excerpt":{"rendered":"<p>Av\u00eds legal Puc garantir-vos que us trobeu en un espai 100 % segur; per aix\u00f2, en compliment del deure d\u2019informaci\u00f3 recollit a l\u2019article 10 de la Llei 34\/2002, d\u201911 de juliol, de serveis de la societat de la informaci\u00f3 i de comer\u00e7 electr\u00f2nic, a continuaci\u00f3 es fa constar: 1.1. Dades identificatives del responsable Tal com [&hellip;]<\/p>\n","protected":false},"author":1,"featured_media":0,"parent":0,"menu_order":0,"comment_status":"closed","ping_status":"closed","template":"","meta":{"_acf_changed":false,"_joinchat":[],"footnotes":""},"class_list":["post-8823","page","type-page","status-publish","hentry"],"acf":[],"_links":{"self":[{"href":"https:\/\/serenovables.com\/ca\/wp-json\/wp\/v2\/pages\/8823","targetHints":{"allow":["GET"]}}],"collection":[{"href":"https:\/\/serenovables.com\/ca\/wp-json\/wp\/v2\/pages"}],"about":[{"href":"https:\/\/serenovables.com\/ca\/wp-json\/wp\/v2\/types\/page"}],"author":[{"embeddable":true,"href":"https:\/\/serenovables.com\/ca\/wp-json\/wp\/v2\/users\/1"}],"replies":[{"embeddable":true,"href":"https:\/\/serenovables.com\/ca\/wp-json\/wp\/v2\/comments?post=8823"}],"version-history":[{"count":1,"href":"https:\/\/serenovables.com\/ca\/wp-json\/wp\/v2\/pages\/8823\/revisions"}],"predecessor-version":[{"id":8824,"href":"https:\/\/serenovables.com\/ca\/wp-json\/wp\/v2\/pages\/8823\/revisions\/8824"}],"wp:attachment":[{"href":"https:\/\/serenovables.com\/ca\/wp-json\/wp\/v2\/media?parent=8823"}],"curies":[{"name":"wp","href":"https:\/\/api.w.org\/{rel}","templated":true}]}}